{"id":125,"date":"2017-01-24T20:19:46","date_gmt":"2017-01-24T20:19:46","guid":{"rendered":"https:\/\/www.expinit.com\/en\/?page_id=125"},"modified":"2017-03-08T15:28:47","modified_gmt":"2017-03-08T15:28:47","slug":"consultation","status":"publish","type":"page","link":"https:\/\/www.expinit.com\/en\/consultation\/","title":{"rendered":"Consultation"},"content":{"rendered":"<p><span id=\"result_box\" lang=\"en\">In services, the company EXPINIT making the delivery of complete projects or individual consultations. As a Microsoft partner, we focus in particular on products of this manufacturer.<\/span><span id=\"result_box\" lang=\"en\">Our level of partnership enables us to solving challenging projects, and <span tabindex=\"-1\" contenteditable=\"false\">technical consultations<\/span> take advantage of expert advice from Microsoft\u00a0company and always deliver solutions that meet our customers&#8217; requirements and are fully in line with the recommendation of our partner.<\/span><\/p>\n<p><strong><span id=\"result_box\" lang=\"en\">Technologies and Microsoft products, which perfectly mastered<\/span><\/strong><\/p>\n<ul>\n<li>Microsoft SharePoint Server \u2013 Installations, including large scale deployment, migration, upgrade and application <a href=\"https:\/\/www.expinit.com\/en\/development\/\">development<\/a><\/li>\n<li>Microsoft Exchange Server \u2013 Installations, migrations, upgrades<\/li>\n<li>Microsoft System Center\u00a0product family\u00a0\u2013 Operations Manager, Configuration Manager, Data Protection Manager, Services Manager<\/li>\n<li>Microsoft Windows Server with focus on Active Directory and related services including CAs<\/li>\n<li>Hyper-V including cluster solutions \u2013<span id=\"result_box\" lang=\"en\">We provide design and configuration of network infrastructure, including disk subsystem (iSCSI, SAN, FC). Our main partner for the supply of hardware solutions is Dell.<\/span><\/li>\n<li>Microsoft SQL server \u2013\u00a0Cluster solutions, Always On Failover Cluster<\/li>\n<\/ul>\n<p><strong>We are certified Citrix partner<\/strong><\/p>\n<p><span id=\"result_box\" lang=\"en\">Lose orientation in a limitless number of products of this manufacturer? Tackles the current technical problem or you decide to implement one of the solutions? Do you have technical difficulties or just deciding for implementing one of the Citrix solution? <span id=\"result_box\" class=\"short_text\" lang=\"en\">Do not hesitate<\/span> <a href=\"https:\/\/www.expinit.com\/en\/contact\/\">contact us <\/a>and our specialists will be happy to call you back!<\/span><\/p>\n<p><span id=\"result_box\" class=\"short_text\" lang=\"en\">The technology that we focus on:<img loading=\"lazy\" decoding=\"async\" class=\"size-medium wp-image-390 alignright\" src=\"https:\/\/www.expinit.com\/wp-content\/uploads\/2017\/02\/meeting03-300x180.jpg\" alt=\"\" width=\"300\" height=\"180\" srcset=\"https:\/\/www.expinit.com\/wp-content\/uploads\/2017\/02\/meeting03-300x180.jpg 300w, https:\/\/www.expinit.com\/wp-content\/uploads\/2017\/02\/meeting03-768x462.jpg 768w, https:\/\/www.expinit.com\/wp-content\/uploads\/2017\/02\/meeting03-369x222.jpg 369w, https:\/\/www.expinit.com\/wp-content\/uploads\/2017\/02\/meeting03-196x118.jpg 196w, https:\/\/www.expinit.com\/wp-content\/uploads\/2017\/02\/meeting03.jpg 800w\" sizes=\"(max-width: 300px) 100vw, 300px\" \/><\/span><span id=\"t-served-community-button\" class=\"trans-verified-button goog-toolbar-button\"><\/span><\/p>\n<ul>\n<li>Citrix NetScaler<\/li>\n<li>Citrix XenApp a XenDesktop<\/li>\n<li>Citrix XenMobile<\/li>\n<li>Citrix FileShare<\/li>\n<\/ul>\n<p><strong><span id=\"result_box\" class=\"short_text\" lang=\"en\">We can also virtualize<\/span><\/strong><\/p>\n<div id=\"gt-res-dir-ctr\" class=\"trans-verified-button-small\" dir=\"ltr\"><span id=\"gt-res-error\"><\/span><span id=\"result_box\" lang=\"en\">Our team of specialists is able to provide design, implementation and expertise of the major virtualization platforms:<\/span><\/div>\n<ul>\n<li>Microsoft Hyper-V<\/li>\n<li>VMware v\u010detn\u011b Horizon<\/li>\n<li>Citrix XenServer<\/li>\n<\/ul>\n<p><strong>We will support you professionally \u2013 Helpdesk<\/strong><\/p>\n<p>For our customers w<span id=\"result_box\" lang=\"en\">e provide services of professional IT Helpdesk. On the basis of fixed SLA we guarantee start solving the problem in a defined time\u00a0when\u00a0the\u00a0issue is reported.\u00a0Once ticket is\u00a0created by helpdesk operator you can\u00a0monitor\u00a0the progress\u00a0in the service application until the ticket is resolved. Time required for resolving the ticket is also defined in SLA. Helpdesk\u00a0 service is implemented using remote access eventually trips to customer sites. And how we&#8217;re doing, you&#8217;ll be able to watch regular KPI reports. <a href=\"https:\/\/www.expinit.com\/en\/contact\/\">Try us!<\/a><\/span><\/p>\n<p><strong><span id=\"gt-res-error\"><\/span><span id=\"result_box\" class=\"short_text\" lang=\"en\">We will guide you<\/span><span id=\"t-served-community-button\" class=\"trans-verified-button goog-toolbar-button\"><\/span><\/strong><\/p>\n<p>Our focus in outsourcing area is not limited only to Helpdesk services. <span id=\"result_box\" lang=\"en\">Unfortunately, nowadays many companies IT profiles merely as the &#8220;fire fighters&#8221; without a strategy and concept, how defects and consequences arising from this preventable. The reasons may be different &#8211; the capacity, the knowledge, or simply &#8211; &#8220;catch up&#8221;. EXPINIT comes at the moment with its own product Virtual IT Manager. Within this service\u00a0we will act as an impartial &#8220;mentor&#8221; who will bring to running IT a clear strategy, will make proposals for further development and actions so that IT services fully support the business activities of the company and moved the department into the role of equal partner involved in to generate profits. It is to this situation of your company familiar? <a href=\"https:\/\/www.expinit.com\/en\/contact\/\">Try to contact us<\/a>.<\/span><\/p>\n<p><strong>Networking, routing, switching<\/strong><\/p>\n<p><span id=\"result_box\" lang=\"en\">The area is so wide that\u00a0we do not want to bore you with the details &#8211; our professionals are able to offer quality consultancy services, design and implementation of networks, including physical wiring of our partner companies.<span id=\"t-served-community-button\" class=\"trans-verified-button goog-toolbar-button\"><\/span><\/span><\/p>\n<p><span id=\"result_box\" class=\"short_text\" lang=\"en\">We focus particularly on:<img loading=\"lazy\" decoding=\"async\" class=\"size-medium wp-image-387 alignright\" src=\"https:\/\/www.expinit.com\/wp-content\/uploads\/2017\/02\/logistics-300x180.jpg\" alt=\"\" width=\"300\" height=\"180\" srcset=\"https:\/\/www.expinit.com\/wp-content\/uploads\/2017\/02\/logistics-300x180.jpg 300w, https:\/\/www.expinit.com\/wp-content\/uploads\/2017\/02\/logistics-768x462.jpg 768w, https:\/\/www.expinit.com\/wp-content\/uploads\/2017\/02\/logistics-369x222.jpg 369w, https:\/\/www.expinit.com\/wp-content\/uploads\/2017\/02\/logistics-196x118.jpg 196w, https:\/\/www.expinit.com\/wp-content\/uploads\/2017\/02\/logistics.jpg 800w\" sizes=\"(max-width: 300px) 100vw, 300px\" \/><\/span><span id=\"t-served-community-button\" class=\"trans-verified-button goog-toolbar-button\"><\/span><\/p>\n<ul>\n<li>Designing network infrastructure<\/li>\n<li>IPv4 a IPv6 networks\u2013 Switching, routing, VLAN,\u2026<\/li>\n<li>Per-to-per a \u201eRoad Warrior\u201c VPN\u00a0solutions (IPSec, OpenVPN,L2TP)<\/li>\n<li>Firewallov\u00e1 \u0159e\u0161en\u00ed<\/li>\n<\/ul>\n<p><span id=\"gt-res-error\"><\/span><span id=\"result_box\" class=\"short_text\" lang=\"en\">What we can do to help:<\/span><span id=\"t-served-community-button\" class=\"trans-verified-button goog-toolbar-button\"><\/span><\/p>\n<ul>\n<li>DELL Networking<\/li>\n<li>MikroTik (RouterOS)<\/li>\n<li>CISCO Networking<\/li>\n<li>UNIX Networking<\/li>\n<\/ul>\n<p><span id=\"result_box\" lang=\"en\">Our main partners for the delivery of network technologies are Dell MikroTik.<\/span><span id=\"t-served-community-button\" class=\"trans-verified-button goog-toolbar-button\"><\/span><\/p>\n<p><strong><span id=\"result_box\" class=\"short_text\" lang=\"en\">We support Open Source<\/span><span id=\"t-served-community-button\" class=\"trans-verified-button goog-toolbar-button\"><\/span><\/strong><\/p>\n<p>Can you imagine IT world without Open Source software?\u00a0<span id=\"result_box\" lang=\"en\">In EXPINIT we see clear limits for the use of commercial solutions and Open Source software. We provide several Open Source systems for our customer for full satisfaction. Our core platform, with which we have more than 20 years experience\u00a0is the system <strong>FreeBSD<\/strong>. In this regard, we are able to provide consultation for other UNIX \/ Linux systems and the following associated products, such as:<\/span><\/p>\n<ul>\n<li>Apache<\/li>\n<li>PHP &#8211; Including wWeb App. development<\/li>\n<li>MySQL<\/li>\n<li>Postfix \u2013 <span id=\"result_box\" lang=\"en\">Robust antispam solutions including the use of our front-end email servers<\/span><span id=\"t-served-community-button\" class=\"trans-verified-button goog-toolbar-button\"><\/span><\/li>\n<li>Joomla<\/li>\n<li>WordPress<\/li>\n<li>and more<\/li>\n<\/ul>\n<p><strong><span id=\"result_box\" class=\"short_text\" lang=\"en\">Lest we forget, we can also know\u00a0Oracle<\/span><span id=\"t-served-community-button\" class=\"trans-verified-button goog-toolbar-button\"><\/span><\/strong><\/p>\n<p><span id=\"result_box\" lang=\"en\">Due to experience gained from many years of practice with products using\u00a0 Oracle as database platform, our specialists can also help with this database system. We provide consultations for the Windows platform, and UNIX. <\/span><\/p>\n<p><span id=\"result_box\" lang=\"en\">The version that we know:<img loading=\"lazy\" decoding=\"async\" class=\"size-medium wp-image-388 alignright\" src=\"https:\/\/www.expinit.com\/wp-content\/uploads\/2017\/02\/meeting-300x180.jpg\" alt=\"\" width=\"300\" height=\"180\" srcset=\"https:\/\/www.expinit.com\/wp-content\/uploads\/2017\/02\/meeting-300x180.jpg 300w, https:\/\/www.expinit.com\/wp-content\/uploads\/2017\/02\/meeting-768x462.jpg 768w, https:\/\/www.expinit.com\/wp-content\/uploads\/2017\/02\/meeting-369x222.jpg 369w, https:\/\/www.expinit.com\/wp-content\/uploads\/2017\/02\/meeting-196x118.jpg 196w, https:\/\/www.expinit.com\/wp-content\/uploads\/2017\/02\/meeting.jpg 800w\" sizes=\"(max-width: 300px) 100vw, 300px\" \/><\/span><\/p>\n<ul>\n<li>Oracle 9i<\/li>\n<li>Oracle 10g<\/li>\n<li>Oracle 11g<\/li>\n<li>Oracle 11g R2<\/li>\n<li>Oracle 12c<\/li>\n<\/ul>\n<p><strong><span id=\"result_box\" lang=\"en\">And finally something for connoisseurs &#8211; Infor FMS SunSystems<\/span><\/strong><span id=\"t-served-community-button\" class=\"trans-verified-button goog-toolbar-button\"><\/span><\/p>\n<p><span id=\"result_box\" lang=\"en\">EXPINIT Ltd. It is one of the few companies providing European and global level technical advisory services for the products of Infor FMS SynSystems. Our more than fifteen years of experience with these products guarantee high-quality consulting services and knowledge of the issues at all stages of the implementation of Infor FMS SunSytems to support the live operation and carrying out maintenance work on running systems &#8211; Patch Management. During this time, we have made numerous installations, upgrades, and technical consultation for customers worldwide &#8211; CEE, USA, Great Britain, Russia.<span id=\"t-served-community-button\" class=\"trans-verified-button goog-toolbar-button\"><\/span><\/span><\/p>\n<a onclick=\"wpex_toggle(1512610531, 'Read more', 'See less'); return false;\" class=\"short_text\" id=\"wpexlink1512610531\" href=\"#\">Read more<\/a><div class=\"wpex_div\" id=\"wpex1512610531\" style=\"display: none;\"><\/p>\n<p><strong><span id=\"result_box\" class=\"short_text\" lang=\"en\">In the <span tabindex=\"-1\" contenteditable=\"false\">prior<\/span> implementation stages we provide:<\/span><span id=\"t-served-community-button\" class=\"trans-verified-button goog-toolbar-button\"><\/span><\/strong><\/p>\n<ul>\n<li><span id=\"result_box\" lang=\"en\">Proposals deployment options and access to applications &#8211; two- and three-layer solutions, CITRIX or RDS services<\/span><\/li>\n<li><span id=\"result_box\" lang=\"en\">Design and delivery of hardware solutions for the operation of SunSystems &#8211; physical or virtual solutions (Citrix XenServer, VMware, Hyper-V)<\/span><span id=\"t-served-community-button\" class=\"trans-verified-button goog-toolbar-button\"><\/span><\/li>\n<\/ul>\n<p><strong><span id=\"result_box\" class=\"short_text\" lang=\"en\">In the implementation phase, we provide<\/span><span id=\"t-served-community-button\" class=\"trans-verified-button goog-toolbar-button\"><\/span>:<\/strong><\/p>\n<ul>\n<li><span id=\"result_box\" lang=\"en\">Installing and setting up database platforms &#8211; Oracle \/ Microsoft SQL Server<\/span><span id=\"t-served-community-button\" class=\"trans-verified-button goog-toolbar-button\"><\/span><\/li>\n<li><span id=\"result_box\" class=\"short_text\" lang=\"en\">Installation and setup Infor FMS SunSystems<\/span><span id=\"t-served-community-button\" class=\"trans-verified-button goog-toolbar-button\"><\/span><\/li>\n<li><span id=\"result_box\" class=\"short_text\" lang=\"en\">Installation and setup Vision and Vision Q&amp;A<\/span><span id=\"t-served-community-button\" class=\"trans-verified-button goog-toolbar-button\"><\/span><\/li>\n<li><span id=\"result_box\" lang=\"en\">We also provide installation of optional modules such as B4B, SunSystems Extras and other toolkits cooperating with SunSystems<\/span><span id=\"t-served-community-button\" class=\"trans-verified-button goog-toolbar-button\"><\/span><\/li>\n<\/ul>\n<p><strong><span lang=\"CS\"><span id=\"result_box\" lang=\"en\">In post-implementation phases and for customers already using selected solutions we provide services:<\/span><\/span><\/strong><\/p>\n<ul>\n<li><span id=\"result_box\" lang=\"en\">Support during live operation and the introduction of routines for using the system<\/span><span id=\"t-served-community-button\" class=\"trans-verified-button goog-toolbar-button\"><\/span><\/li>\n<li><span id=\"result_box\" class=\"short_text\" lang=\"en\">Final settings and performance optimalization<\/span><\/li>\n<li>Backup strategy<\/li>\n<li><span id=\"result_box\" lang=\"en\">Designing\u00a0of Disaster Recovery scenarios and their implementation in customer environments<\/span><\/li>\n<li>Technical audits<\/li>\n<li><span id=\"result_box\" lang=\"en\">Professional training for SunSystems administrators <\/span><\/li>\n<\/ul>\n<p><span id=\"result_box\" lang=\"en\">Given the experience that we have gained over more than 15 years, we offer our services for the following products and versions<\/span><span id=\"t-served-community-button\" class=\"trans-verified-button goog-toolbar-button\"><\/span><\/p>\n<p><strong>SunSystems version support matrix<\/strong><\/p>\n<table style=\"width: 431px;\">\n<tbody>\n<tr>\n<td style=\"width: 49.78px; text-align: left;\"><b>SunSystems 4.X<\/b><\/td>\n<td style=\"width: 10px; text-align: center;\">4.2.5(ISAM)<\/td>\n<td style=\"width: 10px; text-align: center;\">4.2.6<\/td>\n<td style=\"width: 10px; text-align: center;\">4.3.2\/4.3.3<\/td>\n<td style=\"width: 10px; text-align: center;\">4.4<\/td>\n<td style=\"width: 10px; text-align: center;\">SQL\/ORACLE<\/td>\n<\/tr>\n<tr>\n<td style=\"width: 49.78px; text-align: left;\"><b>SunSystems 5.X<\/b><\/td>\n<td style=\"width: 10px; text-align: center;\">5.2.1<\/td>\n<td style=\"width: 10px; text-align: center;\">5.3.1<\/td>\n<td style=\"width: 10px; text-align: center;\">5.4.1<\/td>\n<td style=\"width: 10px; text-align: center;\"><\/td>\n<td style=\"width: 10px; text-align: center;\"><\/td>\n<\/tr>\n<tr>\n<td style=\"width: 49.78px; text-align: left;\"><b>SunSystems 6.X<\/b><\/td>\n<td style=\"width: 10px; text-align: center;\">6.1<\/td>\n<td style=\"width: 10px; text-align: center;\"><\/td>\n<td style=\"width: 10px; text-align: center;\"><\/td>\n<td style=\"width: 10px; text-align: center;\"><\/td>\n<td style=\"width: 10px; text-align: center;\"><\/td>\n<\/tr>\n<tr>\n<td style=\"width: 49.78px; text-align: left;\"><b>Infor Financial Business<\/b><\/td>\n<td style=\"width: 10px; text-align: center;\">10<\/td>\n<td style=\"width: 10px; text-align: center;\"><\/td>\n<td style=\"width: 10px; text-align: center;\"><\/td>\n<td style=\"width: 10px; text-align: center;\"><\/td>\n<td style=\"width: 10px; text-align: center;\"><\/td>\n<\/tr>\n<\/tbody>\n<\/table>\n<p><b>Vision resp. Q&amp;A support matrix<\/b><\/p>\n<table style=\"width: 52px;\">\n<tbody>\n<tr>\n<td style=\"width: 10px; text-align: left;\"><b>Vision 3.X<\/b><\/td>\n<td style=\"width: 10px; text-align: center;\">3.1.5-2<\/td>\n<td style=\"width: 10px; text-align: center;\"><\/td>\n<td style=\"width: 10px; text-align: center;\"><\/td>\n<td style=\"width: 10px; text-align: center;\"><\/td>\n<td style=\"width: 10px; text-align: center;\"><\/td>\n<td style=\"width: 10px; text-align: center;\"><\/td>\n<td style=\"width: 10px; text-align: center;\">ISAM<\/td>\n<\/tr>\n<tr>\n<td style=\"width: 10px; text-align: left;\"><b>Vision 5.X<\/b><\/td>\n<td style=\"width: 10px; text-align: center;\">5.0.X<\/td>\n<td style=\"width: 10px; text-align: center;\">5.1.X<\/td>\n<td style=\"width: 10px; text-align: center;\"><\/td>\n<td style=\"width: 10px; text-align: center;\"><\/td>\n<td style=\"width: 10px; text-align: center;\"><\/td>\n<td style=\"width: 10px; text-align: center;\"><\/td>\n<td style=\"width: 10px; text-align: center;\">SQL\/ORACLE<\/td>\n<\/tr>\n<tr>\n<td style=\"width: 10px; text-align: left;\"><b>Vision 6.X<\/b><\/td>\n<td style=\"width: 10px; text-align: center;\">6.2.X<\/td>\n<td style=\"width: 10px; text-align: center;\">6.3.X<\/td>\n<td style=\"width: 10px; text-align: center;\">6.3.3-1<\/td>\n<td style=\"width: 10px; text-align: center;\"><\/td>\n<td style=\"width: 10px; text-align: center;\"><\/td>\n<td style=\"width: 10px; text-align: center;\"><\/td>\n<td style=\"width: 10px; text-align: center;\">SQL\/ORACLE<\/td>\n<\/tr>\n<tr>\n<td style=\"width: 10px; text-align: left;\"><b>Vision Q&amp;A<\/b><\/td>\n<td style=\"width: 10px; text-align: center;\">10.0.2<\/td>\n<td style=\"width: 10px; text-align: center;\">10.0.3<\/td>\n<td style=\"width: 10px; text-align: center;\">10.0.4<\/td>\n<td style=\"width: 10px; text-align: center;\">10.0.5<\/td>\n<td style=\"width: 10px; text-align: center;\">10.1.1<\/td>\n<td style=\"width: 10px; text-align: center;\">10.1.2<\/td>\n<td style=\"width: 10px; text-align: center;\">SQL\/ORACLE<\/td>\n<\/tr>\n<\/tbody>\n<\/table>\n<p><span id=\"result_box\" lang=\"en\">In this range we provide regular consultation services for solving everyday operational issues associated with the use <b>Infor FMS SunSystems<\/b>. This type of support we also provide by Heldpesk services based on SLA contracts. We are also able to realize the technical upgrades.<\/span><\/p>\n<p><\/div>\n","protected":false},"excerpt":{"rendered":"<p>In services, the company EXPINIT making the delivery of complete projects or individual consultations. As a Microsoft partner, we focus in particular on products of this manufacturer.Our level of partnership enables us to solving challenging projects, and technical consultations take advantage of expert advice from Microsoft\u00a0company and always deliver solutions that meet our customers&#8217; requirements&#8230;<\/p>\n","protected":false},"author":5,"featured_media":0,"parent":0,"menu_order":0,"comment_status":"closed","ping_status":"closed","template":"template-subservices.php","meta":{"footnotes":""},"acf":[],"aioseo_notices":[],"_links":{"self":[{"href":"https:\/\/www.expinit.com\/en\/wp-json\/wp\/v2\/pages\/125"}],"collection":[{"href":"https:\/\/www.expinit.com\/en\/wp-json\/wp\/v2\/pages"}],"about":[{"href":"https:\/\/www.expinit.com\/en\/wp-json\/wp\/v2\/types\/page"}],"author":[{"embeddable":true,"href":"https:\/\/www.expinit.com\/en\/wp-json\/wp\/v2\/users\/5"}],"replies":[{"embeddable":true,"href":"https:\/\/www.expinit.com\/en\/wp-json\/wp\/v2\/comments?post=125"}],"version-history":[{"count":18,"href":"https:\/\/www.expinit.com\/en\/wp-json\/wp\/v2\/pages\/125\/revisions"}],"predecessor-version":[{"id":523,"href":"https:\/\/www.expinit.com\/en\/wp-json\/wp\/v2\/pages\/125\/revisions\/523"}],"wp:attachment":[{"href":"https:\/\/www.expinit.com\/en\/wp-json\/wp\/v2\/media?parent=125"}],"curies":[{"name":"wp","href":"https:\/\/api.w.org\/{rel}","templated":true}]}}